{"id":102,"date":"2025-08-12T18:49:42","date_gmt":"2025-08-12T16:49:42","guid":{"rendered":"https:\/\/semeur2.local.ghisette.com\/?page_id=102"},"modified":"2025-08-18T16:37:06","modified_gmt":"2025-08-18T14:37:06","slug":"contact","status":"publish","type":"page","link":"https:\/\/semeur.be\/?page_id=102","title":{"rendered":"Contact"},"content":{"rendered":"\n<div class=\"wp-block-group has-global-padding is-layout-constrained wp-block-group-is-layout-constrained\">\n<p class=\"has-text-align-center has-x-large-font-size\"><strong>N&rsquo;H\u00c9SITEZ PAS \u00c0 NOUS CONTACTER !<\/strong><\/p>\n\n\n\n<p class=\"has-text-align-center\">Viens nous rejoindre autour d&rsquo;un cochon \u00e0 la broche et d&rsquo;une bonne cervoise du terroir.<br>On est sympa, on ne mord pas, donc si ca t&rsquo;va, viens nous voir !<\/p>\n<\/div>\n\n\n\n<div class=\"wp-block-group has-base-color has-contrast-background-color has-text-color has-background has-link-color wp-elements-2b920b0a7296900a01272743aae6d0ab has-global-padding is-layout-constrained wp-block-group-is-layout-constrained\" style=\"margin-top:var(--wp--preset--spacing--x-small);margin-bottom:0;padding-top:var(--wp--preset--spacing--x-small);padding-bottom:var(--wp--preset--spacing--x-small)\">\n<div class=\"wp-block-columns is-layout-flex wp-container-core-columns-is-layout-28f84493 wp-block-columns-is-layout-flex\">\n<div class=\"wp-block-column is-layout-flow wp-block-column-is-layout-flow\" style=\"flex-basis:40%\">\n<iframe src=\"https:\/\/www.google.com\/maps\/embed?pb=!1m18!1m12!1m3!1d1061.140311386369!2d4.6108356697236355!3d50.66509544828928!2m3!1f0!2f0!3f0!3m2!1i1024!2i768!4f13.1!3m3!1m2!1s0x47c17e71432271ab%3A0xd06cbf351bcedd00!2sRue%20des%20Bruy%C3%A8res%2029%2C%201348%20Ottignies-Louvain-la-Neuve%2C%20Belgium!5e1!3m2!1sen!2sus!4v1755126080394!5m2!1sen!2sus\" width=\"400\" height=\"450\" style=\"border:0;\" allowfullscreen=\"\" loading=\"lazy\" referrerpolicy=\"no-referrer-when-downgrade\"><\/iframe>\n<\/div>\n\n\n\n<div class=\"wp-block-column is-vertically-aligned-center is-layout-flow wp-block-column-is-layout-flow\" style=\"flex-basis:20%\">\n<div class=\"wp-block-group is-vertical is-content-justification-center is-nowrap is-layout-flex wp-container-core-group-is-layout-d7b04dc7 wp-block-group-is-layout-flex\">\n<div class=\"wp-block-font-awesome-icon wp-font-awesome-icon\" style=\"display:flex;justify-content:center\"><svg aria-hidden=\"true\" focusable=\"false\" data-prefix=\"fas\" data-icon=\"location-dot\" class=\"svg-inline--fa fa-location-dot \" role=\"img\" xmlns=\"http:\/\/www.w3.org\/2000\/svg\" viewBox=\"0 0 384 512\" style=\"font-size:2.5em\"><path fill=\"currentColor\" d=\"M0 188.6C0 84.4 86 0 192 0S384 84.4 384 188.6c0 119.3-120.2 262.3-170.4 316.8-11.8 12.8-31.5 12.8-43.3 0-50.2-54.5-170.4-197.5-170.4-316.8zM192 256a64 64 0 1 0 0-128 64 64 0 1 0 0 128z\"><\/path><\/svg><\/div>\n\n\n\n<p>Rue des Bruy\u00e8res, 29\/301-308<br>1348 &#8211; Louvain-la-Neuve<\/p>\n<\/div>\n<\/div>\n\n\n\n<div class=\"wp-block-column is-vertically-aligned-center is-layout-flow wp-block-column-is-layout-flow\" style=\"flex-basis:20%\">\n<div class=\"wp-block-group is-vertical is-content-justification-center is-nowrap is-layout-flex wp-container-core-group-is-layout-d7b04dc7 wp-block-group-is-layout-flex\">\n<div class=\"wp-block-font-awesome-icon wp-font-awesome-icon\" style=\"display:flex;justify-content:center\"><svg aria-hidden=\"true\" focusable=\"false\" data-prefix=\"fas\" data-icon=\"phone\" class=\"svg-inline--fa fa-phone \" role=\"img\" xmlns=\"http:\/\/www.w3.org\/2000\/svg\" viewBox=\"0 0 512 512\" style=\"font-size:2.5em\"><path fill=\"currentColor\" d=\"M160.2 25C152.3 6.1 131.7-3.9 112.1 1.4l-5.5 1.5c-64.6 17.6-119.8 80.2-103.7 156.4 37.1 175 174.8 312.7 349.8 349.8 76.3 16.2 138.8-39.1 156.4-103.7l1.5-5.5c5.4-19.7-4.7-40.3-23.5-48.1l-97.3-40.5c-16.5-6.9-35.6-2.1-47 11.8l-38.6 47.2C233.9 335.4 177.3 277 144.8 205.3L189 169.3c13.9-11.3 18.6-30.4 11.8-47L160.2 25z\"><\/path><\/svg><\/div>\n\n\n\n<p class=\"has-text-align-center\"><strong>T\u00e9l\u00e9phone<\/strong><br>+32 491 11 47 15<\/p>\n<\/div>\n<\/div>\n\n\n\n<div class=\"wp-block-column is-vertically-aligned-center is-layout-flow wp-block-column-is-layout-flow\" style=\"flex-basis:21.2%\">\n<div class=\"wp-block-group is-vertical is-content-justification-center is-layout-flex wp-container-core-group-is-layout-b6c1f246 wp-block-group-is-layout-flex\">\n<div class=\"wp-block-font-awesome-icon wp-font-awesome-icon\" style=\"display:flex;justify-content:center\"><svg aria-hidden=\"true\" focusable=\"false\" data-prefix=\"fas\" data-icon=\"envelope\" class=\"svg-inline--fa fa-envelope \" role=\"img\" xmlns=\"http:\/\/www.w3.org\/2000\/svg\" viewBox=\"0 0 512 512\" style=\"font-size:2.5em\"><path fill=\"currentColor\" d=\"M48 64c-26.5 0-48 21.5-48 48 0 15.1 7.1 29.3 19.2 38.4l208 156c17.1 12.8 40.5 12.8 57.6 0l208-156c12.1-9.1 19.2-23.3 19.2-38.4 0-26.5-21.5-48-48-48L48 64zM0 196L0 384c0 35.3 28.7 64 64 64l384 0c35.3 0 64-28.7 64-64l0-188-198.4 148.8c-34.1 25.6-81.1 25.6-115.2 0L0 196z\"><\/path><\/svg><\/div>\n\n\n\n<p class=\"has-text-align-center\"><strong>E-mail<\/strong><br>semeurucl@gmail.be<\/p>\n<\/div>\n<\/div>\n<\/div>\n\n\n\n<div class=\"wp-block-columns are-vertically-aligned-center is-layout-flex wp-container-core-columns-is-layout-74a2e23b wp-block-columns-is-layout-flex\" style=\"margin-top:var(--wp--preset--spacing--small);margin-bottom:0\">\n<div class=\"wp-block-column is-vertically-aligned-center is-layout-flow wp-block-column-is-layout-flow\" style=\"flex-basis:33.34%\">\n<div class=\"wp-block-group is-content-justification-center is-nowrap is-layout-flex wp-container-core-group-is-layout-eff0ac72 wp-block-group-is-layout-flex\">\n<ul class=\"wp-block-social-links has-visible-labels is-style-pill-shape is-layout-flex wp-block-social-links-is-layout-flex\"><li class=\"wp-social-link wp-social-link-facebook  wp-block-social-link\"><a href=\"https:\/\/www.facebook.com\/uclsemeur\" class=\"wp-block-social-link-anchor\"><svg width=\"24\" height=\"24\" viewBox=\"0 0 24 24\" version=\"1.1\" xmlns=\"http:\/\/www.w3.org\/2000\/svg\" aria-hidden=\"true\" focusable=\"false\"><path d=\"M12 2C6.5 2 2 6.5 2 12c0 5 3.7 9.1 8.4 9.9v-7H7.9V12h2.5V9.8c0-2.5 1.5-3.9 3.8-3.9 1.1 0 2.2.2 2.2.2v2.5h-1.3c-1.2 0-1.6.8-1.6 1.6V12h2.8l-.4 2.9h-2.3v7C18.3 21.1 22 17 22 12c0-5.5-4.5-10-10-10z\"><\/path><\/svg><span class=\"wp-block-social-link-label\">Facebook<\/span><\/a><\/li><\/ul>\n\n\n\n<p>@lesemeur_ucl<\/p>\n<\/div>\n<\/div>\n\n\n\n<div class=\"wp-block-column is-vertically-aligned-center is-layout-flow wp-block-column-is-layout-flow\" style=\"flex-basis:33.33%\">\n<div class=\"wp-block-group is-content-justification-center is-nowrap is-layout-flex wp-container-core-group-is-layout-eff0ac72 wp-block-group-is-layout-flex\">\n<ul class=\"wp-block-social-links has-visible-labels is-style-pill-shape is-layout-flex wp-block-social-links-is-layout-flex\"><li class=\"wp-social-link wp-social-link-instagram  wp-block-social-link\"><a href=\"https:\/\/www.instagram.com\/lesemeur_ucl\/\" class=\"wp-block-social-link-anchor\"><svg width=\"24\" height=\"24\" viewBox=\"0 0 24 24\" version=\"1.1\" xmlns=\"http:\/\/www.w3.org\/2000\/svg\" aria-hidden=\"true\" focusable=\"false\"><path d=\"M12,4.622c2.403,0,2.688,0.009,3.637,0.052c0.877,0.04,1.354,0.187,1.671,0.31c0.42,0.163,0.72,0.358,1.035,0.673 c0.315,0.315,0.51,0.615,0.673,1.035c0.123,0.317,0.27,0.794,0.31,1.671c0.043,0.949,0.052,1.234,0.052,3.637 s-0.009,2.688-0.052,3.637c-0.04,0.877-0.187,1.354-0.31,1.671c-0.163,0.42-0.358,0.72-0.673,1.035 c-0.315,0.315-0.615,0.51-1.035,0.673c-0.317,0.123-0.794,0.27-1.671,0.31c-0.949,0.043-1.233,0.052-3.637,0.052 s-2.688-0.009-3.637-0.052c-0.877-0.04-1.354-0.187-1.671-0.31c-0.42-0.163-0.72-0.358-1.035-0.673 c-0.315-0.315-0.51-0.615-0.673-1.035c-0.123-0.317-0.27-0.794-0.31-1.671C4.631,14.688,4.622,14.403,4.622,12 s0.009-2.688,0.052-3.637c0.04-0.877,0.187-1.354,0.31-1.671c0.163-0.42,0.358-0.72,0.673-1.035 c0.315-0.315,0.615-0.51,1.035-0.673c0.317-0.123,0.794-0.27,1.671-0.31C9.312,4.631,9.597,4.622,12,4.622 M12,3 C9.556,3,9.249,3.01,8.289,3.054C7.331,3.098,6.677,3.25,6.105,3.472C5.513,3.702,5.011,4.01,4.511,4.511 c-0.5,0.5-0.808,1.002-1.038,1.594C3.25,6.677,3.098,7.331,3.054,8.289C3.01,9.249,3,9.556,3,12c0,2.444,0.01,2.751,0.054,3.711 c0.044,0.958,0.196,1.612,0.418,2.185c0.23,0.592,0.538,1.094,1.038,1.594c0.5,0.5,1.002,0.808,1.594,1.038 c0.572,0.222,1.227,0.375,2.185,0.418C9.249,20.99,9.556,21,12,21s2.751-0.01,3.711-0.054c0.958-0.044,1.612-0.196,2.185-0.418 c0.592-0.23,1.094-0.538,1.594-1.038c0.5-0.5,0.808-1.002,1.038-1.594c0.222-0.572,0.375-1.227,0.418-2.185 C20.99,14.751,21,14.444,21,12s-0.01-2.751-0.054-3.711c-0.044-0.958-0.196-1.612-0.418-2.185c-0.23-0.592-0.538-1.094-1.038-1.594 c-0.5-0.5-1.002-0.808-1.594-1.038c-0.572-0.222-1.227-0.375-2.185-0.418C14.751,3.01,14.444,3,12,3L12,3z M12,7.378 c-2.552,0-4.622,2.069-4.622,4.622S9.448,16.622,12,16.622s4.622-2.069,4.622-4.622S14.552,7.378,12,7.378z M12,15 c-1.657,0-3-1.343-3-3s1.343-3,3-3s3,1.343,3,3S13.657,15,12,15z M16.804,6.116c-0.596,0-1.08,0.484-1.08,1.08 s0.484,1.08,1.08,1.08c0.596,0,1.08-0.484,1.08-1.08S17.401,6.116,16.804,6.116z\"><\/path><\/svg><span class=\"wp-block-social-link-label\">Instagram<\/span><\/a><\/li><\/ul>\n\n\n\n<p>@LeSemeur<\/p>\n<\/div>\n<\/div>\n\n\n\n<div class=\"wp-block-column is-vertically-aligned-center is-layout-flow wp-block-column-is-layout-flow\" style=\"flex-basis:33.33%\">\n<div class=\"wp-block-group is-content-justification-center is-nowrap is-layout-flex wp-container-core-group-is-layout-eff0ac72 wp-block-group-is-layout-flex\">\n<ul class=\"wp-block-social-links has-visible-labels is-style-pill-shape is-layout-flex wp-block-social-links-is-layout-flex\"><li class=\"wp-social-link wp-social-link-youtube  wp-block-social-link\"><a href=\"https:\/\/www.youtube.com\/channel\/UCibDUXo5WS7_1W9vh6IT0kQ\" class=\"wp-block-social-link-anchor\"><svg width=\"24\" height=\"24\" viewBox=\"0 0 24 24\" version=\"1.1\" xmlns=\"http:\/\/www.w3.org\/2000\/svg\" aria-hidden=\"true\" focusable=\"false\"><path d=\"M21.8,8.001c0,0-0.195-1.378-0.795-1.985c-0.76-0.797-1.613-0.801-2.004-0.847c-2.799-0.202-6.997-0.202-6.997-0.202 h-0.009c0,0-4.198,0-6.997,0.202C4.608,5.216,3.756,5.22,2.995,6.016C2.395,6.623,2.2,8.001,2.2,8.001S2,9.62,2,11.238v1.517 c0,1.618,0.2,3.237,0.2,3.237s0.195,1.378,0.795,1.985c0.761,0.797,1.76,0.771,2.205,0.855c1.6,0.153,6.8,0.201,6.8,0.201 s4.203-0.006,7.001-0.209c0.391-0.047,1.243-0.051,2.004-0.847c0.6-0.607,0.795-1.985,0.795-1.985s0.2-1.618,0.2-3.237v-1.517 C22,9.62,21.8,8.001,21.8,8.001z M9.935,14.594l-0.001-5.62l5.404,2.82L9.935,14.594z\"><\/path><\/svg><span class=\"wp-block-social-link-label\">YouTube<\/span><\/a><\/li><\/ul>\n\n\n\n<p>@SemeurUCL<\/p>\n<\/div>\n<\/div>\n<\/div>\n<\/div>\n\n\n\n<p><\/p>\n","protected":false},"excerpt":{"rendered":"<p>N&rsquo;H\u00c9SITEZ PAS \u00c0 NOUS CONTACTER ! Viens nous rejoindre autour d&rsquo;un cochon \u00e0 la broche et d&rsquo;une bonne cervoise du terroir.On est sympa, on ne mord pas, donc si ca t&rsquo;va, viens nous voir ! Rue des Bruy\u00e8res, 29\/301-3081348 &#8211; Louvain-la-Neuve T\u00e9l\u00e9phone+32 491 11 47 15 E-mailsemeurucl@gmail.be @lesemeur_ucl @LeSemeur @SemeurUCL<\/p>\n","protected":false},"author":1,"featured_media":0,"parent":0,"menu_order":1,"comment_status":"closed","ping_status":"closed","template":"no-title","meta":{"footnotes":""},"class_list":["post-102","page","type-page","status-publish","hentry"],"_links":{"self":[{"href":"https:\/\/semeur.be\/index.php?rest_route=\/wp\/v2\/pages\/102","targetHints":{"allow":["GET"]}}],"collection":[{"href":"https:\/\/semeur.be\/index.php?rest_route=\/wp\/v2\/pages"}],"about":[{"href":"https:\/\/semeur.be\/index.php?rest_route=\/wp\/v2\/types\/page"}],"author":[{"embeddable":true,"href":"https:\/\/semeur.be\/index.php?rest_route=\/wp\/v2\/users\/1"}],"replies":[{"embeddable":true,"href":"https:\/\/semeur.be\/index.php?rest_route=%2Fwp%2Fv2%2Fcomments&post=102"}],"version-history":[{"count":38,"href":"https:\/\/semeur.be\/index.php?rest_route=\/wp\/v2\/pages\/102\/revisions"}],"predecessor-version":[{"id":355,"href":"https:\/\/semeur.be\/index.php?rest_route=\/wp\/v2\/pages\/102\/revisions\/355"}],"wp:attachment":[{"href":"https:\/\/semeur.be\/index.php?rest_route=%2Fwp%2Fv2%2Fmedia&parent=102"}],"curies":[{"name":"wp","href":"https:\/\/api.w.org\/{rel}","templated":true}]}}