{"id":160,"date":"2025-08-14T01:04:32","date_gmt":"2025-08-13T23:04:32","guid":{"rendered":"https:\/\/semeur2.local.ghisette.com\/?page_id=160"},"modified":"2025-08-18T16:36:51","modified_gmt":"2025-08-18T14:36:51","slug":"jdmr","status":"publish","type":"page","link":"https:\/\/semeur.be\/?page_id=160","title":{"rendered":"JDMR"},"content":{"rendered":"\n<div class=\"wp-block-group alignfull has-global-padding is-content-justification-center is-layout-constrained wp-block-group-is-layout-constrained\">\n<h1 class=\"wp-block-heading has-text-align-center has-max-36-font-size\">La Journ\u00e9e du Monde Rural<\/h1>\n<\/div>\n\n\n\n<div class=\"wp-block-group alignfull has-global-padding is-layout-constrained wp-block-group-is-layout-constrained\">\n<div class=\"wp-block-columns is-layout-flex wp-container-core-columns-is-layout-28f84493 wp-block-columns-is-layout-flex\">\n<div class=\"wp-block-column is-layout-flow wp-block-column-is-layout-flow\" style=\"flex-basis:35%\">\n<h2 class=\"wp-block-heading\">Au programme<\/h2>\n\n\n\n<p class=\"has-small-font-size\" style=\"margin-top:10px;margin-bottom:10px;line-height:1.3\">Durant la matin\u00e9e, nous commencons par proposer un petit d\u00e9jeuner du terroir \u00e0 nos premiers visiteurs. Ensuite, plus de 150 \u00e9coliers sont acceuillis. Ils visitent alors toutes les expositions, sur les 2 places, et participent aux diff\u00e9rentes animations.<\/p>\n\n\n\n<p class=\"has-small-font-size\" style=\"margin-top:10px;margin-bottom:10px;line-height:1.3\">Celles-ci permettent \u00e0 l\u2019enfant, citadin tr\u00e8s souvent, d\u2019approcher la diversit\u00e9 des activit\u00e9s agricoles et d\u00e9riv\u00e9es de mani\u00e8re ludique. Les expositions et animations sont tenues par des artisans et professionnels agricoles, par les \u00e9tudiants de divers kot-\u00e0-projet et par d\u2019autres mouvements \u00e9tudiants louvanistes.<\/p>\n\n\n\n<p class=\"has-small-font-size\" style=\"margin-top:10px;margin-bottom:10px;line-height:1.3\">Sur le temps de midi, un <strong>cochon \u00e0 la broche<\/strong> est propos\u00e9 sur la Grand\u2019 Place.<\/p>\n\n\n\n<p class=\"has-small-font-size\" style=\"line-height:1.3\">Au menu : pain baguette avec morceaux de cochon \u00e0 la broche et crudit\u00e9s ou alternative v\u00e9g\u00e9!<\/p>\n<\/div>\n\n\n\n<div class=\"wp-block-column is-layout-flow wp-block-column-is-layout-flow\" style=\"flex-basis:35%\">\n<div style=\"height:32px\" aria-hidden=\"true\" class=\"wp-block-spacer\"><\/div>\n\n\n\n<p class=\"has-small-font-size\" style=\"margin-top:10px;margin-bottom:10px;line-height:1.3\">Ce grand rassemblement pour un d\u00eener champ\u00eatre rencontre chaque ann\u00e9e un vif succ\u00e8s. En cas de mauvais temps, un chapiteau de 450 m\u00e8tres carr\u00e9s ainsi que de nombreuses tentes sont pr\u00e9vues, on y trouvera \u00e9galement un bar \u00e0 bi\u00e8res sp\u00e9ciales du terroir et quelques stands.<\/p>\n\n\n\n<p class=\"has-small-font-size\" style=\"margin-top:10px;margin-bottom:10px;line-height:1.3\">Pendant le repas, une pr\u00e9sentation des diff\u00e9rentes races animales se d\u00e9roule sur le ring.<\/p>\n\n\n\n<p class=\"has-small-font-size\" style=\"margin-top:10px;margin-bottom:10px;line-height:1.3\">Cette pr\u00e9sentation est r\u00e9alis\u00e9e de mani\u00e8re attractive par un agronome du SPW-Agriculture, service de vulgarisation.<\/p>\n\n\n\n<p class=\"has-small-font-size\" style=\"margin-top:10px;margin-bottom:10px;line-height:1.3\">De m\u00eame, des d\u00e9monstrations de chien de berger, d\u00e9monstrations \u00e9questres, ou encore de d\u00e9bardage sont r\u00e9alis\u00e9es sur ce ring.<\/p>\n<\/div>\n\n\n\n<div class=\"wp-block-column is-layout-flow wp-block-column-is-layout-flow\">\n<div class=\"wp-block-cover\" style=\"border-radius:100px;min-height:421px;aspect-ratio:unset;\"><img loading=\"lazy\" decoding=\"async\" width=\"783\" height=\"1024\" class=\"wp-block-cover__image-background wp-image-142 size-large\" alt=\"\" src=\"https:\/\/semeur.ghisette.com\/wp-content\/uploads\/2025\/08\/7c087f78-b27d-45b0-9b24-72d07eed7cfb-min-e1755095488429-783x1024.jpg\" data-object-fit=\"cover\" srcset=\"https:\/\/semeur.be\/wp-content\/uploads\/2025\/08\/7c087f78-b27d-45b0-9b24-72d07eed7cfb-min-e1755095488429-783x1024.jpg 783w, https:\/\/semeur.be\/wp-content\/uploads\/2025\/08\/7c087f78-b27d-45b0-9b24-72d07eed7cfb-min-e1755095488429-229x300.jpg 229w, https:\/\/semeur.be\/wp-content\/uploads\/2025\/08\/7c087f78-b27d-45b0-9b24-72d07eed7cfb-min-e1755095488429-768x1004.jpg 768w, https:\/\/semeur.be\/wp-content\/uploads\/2025\/08\/7c087f78-b27d-45b0-9b24-72d07eed7cfb-min-e1755095488429.jpg 826w\" sizes=\"auto, (max-width: 783px) 100vw, 783px\" \/><span aria-hidden=\"true\" class=\"wp-block-cover__background has-background-dim\" style=\"background-color:#72665f\"><\/span><div class=\"wp-block-cover__inner-container has-global-padding is-layout-constrained wp-block-cover-is-layout-constrained\">\n<p class=\"has-text-align-center has-max-36-font-size\"><strong>SAVE THE DATE<\/strong><br><strong>Mercredi 25 <\/strong><strong>mars 2026<\/strong><\/p>\n<\/div><\/div>\n<\/div>\n<\/div>\n<\/div>\n\n\n\n<div class=\"wp-block-group alignfull has-base-color has-contrast-background-color has-text-color has-background has-link-color wp-elements-fd28bbf724e9ab3a58def2e38778f857 is-layout-flow wp-block-group-is-layout-flow\" style=\"padding-top:var(--wp--preset--spacing--x-small);padding-bottom:var(--wp--preset--spacing--x-small)\">\n<div class=\"wp-block-group has-global-padding is-layout-constrained wp-block-group-is-layout-constrained\">\n<h2 class=\"wp-block-heading\">La JDMR en images !<\/h2>\n<\/div>\n\n\n\n<div class=\"alignnormal\"><div id=\"metaslider-id-272\" style=\"width: 100%;\" class=\"ml-slider-3-100-1 metaslider metaslider-flex metaslider-272 ml-slider ms-theme-default-base has-dots-nav\" role=\"region\" aria-label=\"JDMR Slideshow\" data-height=\"300\" data-width=\"700\">\n    <div id=\"metaslider_container_272\">\n        <div id=\"metaslider_272\">\n            <ul aria-live='off' class='slides'>\n                <li style=\"display: block; width: 100%;\" class=\"slide-273 ms-image \" aria-roledescription=\"slide\" data-date=\"2025-08-15 01:04:02\"><img loading=\"lazy\" decoding=\"async\" src=\"https:\/\/semeur.be\/wp-content\/uploads\/2025\/08\/d14797e9-c26a-4689-ad45-9280c090e1b2-min-700x300.png\" height=\"300\" width=\"700\" alt=\"\" class=\"slider-272 slide-273 msDefaultImage\" title=\"d14797e9-c26a-4689-ad45-9280c090e1b2-min\" \/><\/li>\n                <li style=\"display: none; width: 100%;\" class=\"slide-274 ms-image \" aria-roledescription=\"slide\" data-date=\"2025-08-15 01:04:14\"><img loading=\"lazy\" decoding=\"async\" src=\"https:\/\/semeur.be\/wp-content\/uploads\/2025\/08\/d408993b-07c0-40a1-baca-c66123493a73-min-1-700x300.png\" height=\"300\" width=\"700\" alt=\"\" class=\"slider-272 slide-274 msDefaultImage\" title=\"d408993b-07c0-40a1-baca-c66123493a73-min\" \/><\/li>\n                <li style=\"display: none; width: 100%;\" class=\"slide-275 ms-image \" aria-roledescription=\"slide\" data-date=\"2025-08-15 01:04:21\"><img loading=\"lazy\" decoding=\"async\" src=\"https:\/\/semeur.be\/wp-content\/uploads\/2025\/08\/1c870b42-e4af-4be3-a9eb-499781959476-min-700x300.jpg\" height=\"300\" width=\"700\" alt=\"\" class=\"slider-272 slide-275 msDefaultImage\" title=\"1c870b42-e4af-4be3-a9eb-499781959476-min\" \/><\/li>\n                <li style=\"display: none; width: 100%;\" class=\"slide-276 ms-image \" aria-roledescription=\"slide\" data-date=\"2025-08-15 01:04:27\"><img loading=\"lazy\" decoding=\"async\" src=\"https:\/\/semeur.be\/wp-content\/uploads\/2025\/08\/f0a30eee-8894-40bb-a37c-3f2069c84ab3-min-700x300.png\" height=\"300\" width=\"700\" alt=\"\" class=\"slider-272 slide-276 msDefaultImage\" title=\"f0a30eee-8894-40bb-a37c-3f2069c84ab3-min\" \/><\/li>\n                <li style=\"display: none; width: 100%;\" class=\"slide-277 ms-image \" aria-roledescription=\"slide\" data-date=\"2025-08-15 01:04:35\"><img loading=\"lazy\" decoding=\"async\" src=\"https:\/\/semeur.be\/wp-content\/uploads\/2025\/08\/29d69817-3d16-4c13-9df3-95a50c91dcbd-min-700x300.png\" height=\"300\" width=\"700\" alt=\"\" class=\"slider-272 slide-277 msDefaultImage\" title=\"29d69817-3d16-4c13-9df3-95a50c91dcbd-min\" \/><\/li>\n                <li style=\"display: none; width: 100%;\" class=\"slide-278 ms-image \" aria-roledescription=\"slide\" data-date=\"2025-08-15 01:04:43\"><img loading=\"lazy\" decoding=\"async\" src=\"https:\/\/semeur.be\/wp-content\/uploads\/2025\/08\/277363173_519678786181628_8802181334268666803_n-min-1-700x300.jpg\" height=\"300\" width=\"700\" alt=\"\" class=\"slider-272 slide-278 msDefaultImage\" title=\"277363173_519678786181628_8802181334268666803_n-min\" \/><\/li>\n                <li style=\"display: none; width: 100%;\" class=\"slide-279 ms-image \" aria-roledescription=\"slide\" data-date=\"2025-08-15 01:04:48\"><img loading=\"lazy\" decoding=\"async\" src=\"https:\/\/semeur.be\/wp-content\/uploads\/2025\/08\/7c087f78-b27d-45b0-9b24-72d07eed7cfb-min-1-700x300.jpg\" height=\"300\" width=\"700\" alt=\"\" class=\"slider-272 slide-279 msDefaultImage\" title=\"7c087f78-b27d-45b0-9b24-72d07eed7cfb-min-1\" \/><\/li>\n                <li style=\"display: none; width: 100%;\" class=\"slide-281 ms-image \" aria-roledescription=\"slide\" data-date=\"2025-08-15 01:05:15\"><img loading=\"lazy\" decoding=\"async\" src=\"https:\/\/semeur.be\/wp-content\/uploads\/2025\/08\/e6858dd2-d54e-48fc-9584-0c54aca97a87-min-700x300.png\" height=\"300\" width=\"700\" alt=\"\" class=\"slider-272 slide-281 msDefaultImage\" title=\"e6858dd2-d54e-48fc-9584-0c54aca97a87-min\" \/><\/li>\n                <li style=\"display: none; width: 100%;\" class=\"slide-282 ms-image \" aria-roledescription=\"slide\" data-date=\"2025-08-15 01:05:30\"><img loading=\"lazy\" decoding=\"async\" src=\"https:\/\/semeur.be\/wp-content\/uploads\/2025\/08\/Capture-decran-2023-03-05-144243-min-700x300.png\" height=\"300\" width=\"700\" alt=\"\" class=\"slider-272 slide-282 msDefaultImage\" title=\"Capture d\u2019\u00e9cran 2023-03-05 144243-min\" \/><\/li>\n                <li style=\"display: none; width: 100%;\" class=\"slide-283 ms-image \" aria-roledescription=\"slide\" data-date=\"2025-08-15 01:06:15\"><img loading=\"lazy\" decoding=\"async\" src=\"https:\/\/semeur.be\/wp-content\/uploads\/2025\/08\/83366818-9aeb-4d41-bceb-7fbf6f3edf04-min-700x300.png\" height=\"300\" width=\"700\" alt=\"\" class=\"slider-272 slide-283 msDefaultImage\" title=\"83366818-9aeb-4d41-bceb-7fbf6f3edf04-min\" \/><\/li>\n                <li style=\"display: none; width: 100%;\" class=\"slide-284 ms-image \" aria-roledescription=\"slide\" data-date=\"2025-08-15 01:06:29\"><img loading=\"lazy\" decoding=\"async\" src=\"https:\/\/semeur.be\/wp-content\/uploads\/2025\/08\/181654fd-bf4f-4505-bb5b-e6b095544b98-min-700x300.png\" height=\"300\" width=\"700\" alt=\"\" class=\"slider-272 slide-284 msDefaultImage\" title=\"181654fd-bf4f-4505-bb5b-e6b095544b98-min\" \/><\/li>\n                <li style=\"display: none; width: 100%;\" class=\"slide-285 ms-image \" aria-roledescription=\"slide\" data-date=\"2025-08-15 01:06:38\"><img loading=\"lazy\" decoding=\"async\" src=\"https:\/\/semeur.be\/wp-content\/uploads\/2025\/08\/4222448e-9b52-4efd-aa88-c7392ccafc3c-min-700x300.jpg\" height=\"300\" width=\"700\" alt=\"\" class=\"slider-272 slide-285 msDefaultImage\" title=\"4222448e-9b52-4efd-aa88-c7392ccafc3c-min\" \/><\/li>\n                <li style=\"display: none; width: 100%;\" class=\"slide-286 ms-image \" aria-roledescription=\"slide\" data-date=\"2025-08-15 01:06:49\"><img loading=\"lazy\" decoding=\"async\" src=\"https:\/\/semeur.be\/wp-content\/uploads\/2025\/08\/044b4a92-1d77-4de9-82f7-dd8476f9c337-1-min-1-700x300.jpg\" height=\"300\" width=\"700\" alt=\"\" class=\"slider-272 slide-286 msDefaultImage\" title=\"044b4a92-1d77-4de9-82f7-dd8476f9c337 (1)-min\" \/><\/li>\n                <li style=\"display: none; width: 100%;\" class=\"slide-287 ms-image \" aria-roledescription=\"slide\" data-date=\"2025-08-15 01:06:55\"><img loading=\"lazy\" decoding=\"async\" src=\"https:\/\/semeur.be\/wp-content\/uploads\/2025\/08\/5e019294-729d-4d65-bcb0-d1d276469f5b-min-2-700x300.png\" height=\"300\" width=\"700\" alt=\"\" class=\"slider-272 slide-287 msDefaultImage\" title=\"5e019294-729d-4d65-bcb0-d1d276469f5b-min\" \/><\/li>\n                <li style=\"display: none; width: 100%;\" class=\"slide-288 ms-image \" aria-roledescription=\"slide\" data-date=\"2025-08-15 01:07:04\"><img loading=\"lazy\" decoding=\"async\" src=\"https:\/\/semeur.be\/wp-content\/uploads\/2025\/08\/9d3ba4e2-b451-4479-b943-4cfcc4daea04-min-700x300.jpg\" height=\"300\" width=\"700\" alt=\"\" class=\"slider-272 slide-288 msDefaultImage\" title=\"9d3ba4e2-b451-4479-b943-4cfcc4daea04-min\" \/><\/li>\n                <li style=\"display: none; width: 100%;\" class=\"slide-289 ms-image \" aria-roledescription=\"slide\" data-date=\"2025-08-15 01:07:11\"><img loading=\"lazy\" decoding=\"async\" src=\"https:\/\/semeur.be\/wp-content\/uploads\/2025\/08\/39f896f6-adcd-4e0c-b0f2-f2719a083368-min-700x300.png\" height=\"300\" width=\"700\" alt=\"\" class=\"slider-272 slide-289 msDefaultImage\" title=\"39f896f6-adcd-4e0c-b0f2-f2719a083368-min\" \/><\/li>\n            <\/ul>\n        <\/div>\n        \n    <\/div>\n<\/div><\/div>\n<\/div>\n\n\n\n<div class=\"wp-block-group alignfull has-global-padding is-layout-constrained wp-block-group-is-layout-constrained\">\n<h2 class=\"wp-block-heading\">D\u00e9couvrez nos anciennes \u00e9ditions !<\/h2>\n\n\n\n<div class=\"wp-block-columns is-layout-flex wp-container-core-columns-is-layout-28f84493 wp-block-columns-is-layout-flex\">\n<div class=\"wp-block-column is-layout-flow wp-block-column-is-layout-flow\">\n<figure class=\"wp-block-embed is-type-video is-provider-youtube wp-block-embed-youtube wp-embed-aspect-16-9 wp-has-aspect-ratio\"><div class=\"wp-block-embed__wrapper\">\n<iframe loading=\"lazy\" title=\"JDMR 2019 - Le Semeur\" width=\"500\" height=\"281\" src=\"https:\/\/www.youtube.com\/embed\/FEZfXonBy14?feature=oembed\" frameborder=\"0\" allow=\"accelerometer; autoplay; clipboard-write; encrypted-media; gyroscope; picture-in-picture; web-share\" referrerpolicy=\"strict-origin-when-cross-origin\" allowfullscreen><\/iframe>\n<\/div><\/figure>\n<\/div>\n\n\n\n<div class=\"wp-block-column is-layout-flow wp-block-column-is-layout-flow\">\n<figure class=\"wp-block-embed is-type-video is-provider-youtube wp-block-embed-youtube wp-embed-aspect-16-9 wp-has-aspect-ratio\"><div class=\"wp-block-embed__wrapper\">\n<iframe loading=\"lazy\" title=\"Aftermovie - JDMR 2022\" width=\"500\" height=\"281\" src=\"https:\/\/www.youtube.com\/embed\/0SXwIMpJ-OQ?feature=oembed\" frameborder=\"0\" allow=\"accelerometer; autoplay; clipboard-write; encrypted-media; gyroscope; picture-in-picture; web-share\" referrerpolicy=\"strict-origin-when-cross-origin\" allowfullscreen><\/iframe>\n<\/div><\/figure>\n<\/div>\n<\/div>\n\n\n\n<div class=\"wp-block-columns is-layout-flex wp-container-core-columns-is-layout-28f84493 wp-block-columns-is-layout-flex\">\n<div class=\"wp-block-column is-vertically-aligned-center is-layout-flow wp-block-column-is-layout-flow\" style=\"flex-basis:15%\">\n<h2 class=\"wp-block-heading has-text-align-center\">Vu \u00e0 la t\u00e9l\u00e9  !<\/h2>\n<\/div>\n\n\n\n<div class=\"wp-block-column is-layout-flow wp-block-column-is-layout-flow\">\n<figure class=\"wp-block-embed is-type-video is-provider-youtube wp-block-embed-youtube wp-embed-aspect-4-3 wp-has-aspect-ratio\"><div class=\"wp-block-embed__wrapper\">\n<iframe loading=\"lazy\" title=\"Journ\u00e9e du monde rural 2014\" width=\"500\" height=\"375\" src=\"https:\/\/www.youtube.com\/embed\/Df2KavYs_eY?feature=oembed\" frameborder=\"0\" allow=\"accelerometer; autoplay; clipboard-write; encrypted-media; gyroscope; picture-in-picture; web-share\" referrerpolicy=\"strict-origin-when-cross-origin\" allowfullscreen><\/iframe>\n<\/div><\/figure>\n<\/div>\n\n\n\n<div class=\"wp-block-column is-layout-flow wp-block-column-is-layout-flow\">\n<figure class=\"wp-block-embed is-type-video is-provider-youtube wp-block-embed-youtube wp-embed-aspect-4-3 wp-has-aspect-ratio\"><div class=\"wp-block-embed__wrapper\">\n<iframe loading=\"lazy\" title=\"XXI\u00e8me Journ\u00e9e Du Monde Rural 2015\" width=\"500\" height=\"375\" src=\"https:\/\/www.youtube.com\/embed\/avagQBSWVUA?feature=oembed\" frameborder=\"0\" allow=\"accelerometer; autoplay; clipboard-write; encrypted-media; gyroscope; picture-in-picture; web-share\" referrerpolicy=\"strict-origin-when-cross-origin\" allowfullscreen><\/iframe>\n<\/div><\/figure>\n<\/div>\n<\/div>\n<\/div>\n\n\n\n<div class=\"wp-block-group alignfull has-base-color has-contrast-background-color has-text-color has-background has-link-color wp-elements-88c76fbdf85c87c7c09e265d47e1c7e6 has-global-padding is-layout-constrained wp-block-group-is-layout-constrained\" style=\"padding-top:var(--wp--preset--spacing--x-small);padding-bottom:var(--wp--preset--spacing--x-small)\">\n<h2 class=\"wp-block-heading\">Nous avons besoin de vous !<\/h2>\n\n\n\n<div class=\"wp-block-columns is-layout-flex wp-container-core-columns-is-layout-c375d253 wp-block-columns-is-layout-flex\">\n<div class=\"wp-block-column is-vertically-aligned-center is-layout-flow wp-block-column-is-layout-flow\" style=\"flex-basis:75%\">\n<div class=\"wp-block-group is-nowrap is-layout-flex wp-container-core-group-is-layout-6c531013 wp-block-group-is-layout-flex\">\n<p>Envie de nous rejoindre dans l&rsquo;organisation de cet \u00e9v\u00e9nement ?<br>Nous avons besoin, chaque ann\u00e9e, de b\u00e9n\u00e9voles ! Contactez-nous ! <br><\/p>\n<\/div>\n<\/div>\n\n\n\n<div class=\"wp-block-column is-vertically-aligned-top is-layout-flow wp-block-column-is-layout-flow\" style=\"flex-basis:50%\">\n<div class=\"wp-block-buttons is-layout-flex wp-container-core-buttons-is-layout-45b20515 wp-block-buttons-is-layout-flex\">\n<div class=\"wp-block-button\"><a class=\"wp-block-button__link wp-element-button\" href=\"http:\/\/semeur.be\/?page_id=102\">Contact \u2192<\/a><\/div>\n<\/div>\n<\/div>\n<\/div>\n<\/div>\n\n\n\n<div class=\"wp-block-group has-global-padding is-layout-constrained wp-block-group-is-layout-constrained\">\n<h2 class=\"wp-block-heading\">Nous remercions bien entendu nos principaux partenaires :<\/h2>\n\n\n\n<div class=\"wp-block-columns are-vertically-aligned-center is-layout-flex wp-container-core-columns-is-layout-494b7923 wp-block-columns-is-layout-flex\">\n<div class=\"wp-block-column is-vertically-aligned-center is-layout-flow wp-block-column-is-layout-flow\">\n<figure class=\"wp-block-image aligncenter size-large\"><img loading=\"lazy\" decoding=\"async\" width=\"1024\" height=\"282\" src=\"https:\/\/semeur.ghisette.com\/wp-content\/uploads\/2025\/08\/crelan___serialized2-1024x282.png\" alt=\"\" class=\"wp-image-233\" srcset=\"https:\/\/semeur.be\/wp-content\/uploads\/2025\/08\/crelan___serialized2-1024x282.png 1024w, https:\/\/semeur.be\/wp-content\/uploads\/2025\/08\/crelan___serialized2-300x83.png 300w, https:\/\/semeur.be\/wp-content\/uploads\/2025\/08\/crelan___serialized2-768x211.png 768w, https:\/\/semeur.be\/wp-content\/uploads\/2025\/08\/crelan___serialized2-1536x423.png 1536w, https:\/\/semeur.be\/wp-content\/uploads\/2025\/08\/crelan___serialized2.png 1715w\" sizes=\"auto, (max-width: 1024px) 100vw, 1024px\" \/><figcaption class=\"wp-element-caption\">Crelan<\/figcaption><\/figure>\n<\/div>\n\n\n\n<div class=\"wp-block-column is-vertically-aligned-center is-layout-flow wp-block-column-is-layout-flow\">\n<figure class=\"wp-block-image aligncenter size-large is-resized\"><img loading=\"lazy\" decoding=\"async\" width=\"1024\" height=\"1024\" src=\"https:\/\/semeur.ghisette.com\/wp-content\/uploads\/2025\/08\/LOGO-ORGANE-2016-1024x1024.png\" alt=\"\" class=\"wp-image-135\" style=\"width:215px;height:auto\" srcset=\"https:\/\/semeur.be\/wp-content\/uploads\/2025\/08\/LOGO-ORGANE-2016-1024x1024.png 1024w, https:\/\/semeur.be\/wp-content\/uploads\/2025\/08\/LOGO-ORGANE-2016-300x300.png 300w, https:\/\/semeur.be\/wp-content\/uploads\/2025\/08\/LOGO-ORGANE-2016-150x150.png 150w, https:\/\/semeur.be\/wp-content\/uploads\/2025\/08\/LOGO-ORGANE-2016-768x768.png 768w, https:\/\/semeur.be\/wp-content\/uploads\/2025\/08\/LOGO-ORGANE-2016-1536x1536.png 1536w, https:\/\/semeur.be\/wp-content\/uploads\/2025\/08\/LOGO-ORGANE-2016-2048x2048.png 2048w\" sizes=\"auto, (max-width: 1024px) 100vw, 1024px\" \/><figcaption class=\"wp-element-caption\">Organe<\/figcaption><\/figure>\n<\/div>\n\n\n\n<div class=\"wp-block-column is-vertically-aligned-center is-layout-flow wp-block-column-is-layout-flow\">\n<figure class=\"wp-block-image aligncenter size-full\"><img loading=\"lazy\" decoding=\"async\" width=\"300\" height=\"185\" src=\"https:\/\/semeur.ghisette.com\/wp-content\/uploads\/2025\/08\/Logo-Agro-Louvain-retina-300x185-1.png\" alt=\"\" class=\"wp-image-239\"\/><figcaption class=\"wp-element-caption\">Agro &#8211; UCLouvain<\/figcaption><\/figure>\n<\/div>\n<\/div>\n\n\n\n<div class=\"wp-block-columns is-layout-flex wp-container-core-columns-is-layout-ac130fbe wp-block-columns-is-layout-flex\" style=\"margin-top:var(--wp--preset--spacing--small);margin-bottom:var(--wp--preset--spacing--small);padding-top:0;padding-bottom:0\">\n<div class=\"wp-block-column is-vertically-aligned-center is-layout-flow wp-block-column-is-layout-flow\">\n<figure class=\"wp-block-image aligncenter size-full\"><img loading=\"lazy\" decoding=\"async\" width=\"190\" height=\"106\" src=\"https:\/\/semeur.ghisette.com\/wp-content\/uploads\/2025\/08\/datas.gif\" alt=\"\" class=\"wp-image-238\"\/><figcaption class=\"wp-element-caption\">Alumni<\/figcaption><\/figure>\n<\/div>\n\n\n\n<div class=\"wp-block-column is-vertically-aligned-center is-layout-flow wp-block-column-is-layout-flow\">\n<figure class=\"wp-block-image aligncenter size-full\"><img loading=\"lazy\" decoding=\"async\" width=\"180\" height=\"115\" src=\"https:\/\/semeur.ghisette.com\/wp-content\/uploads\/2025\/08\/logo_11.png\" alt=\"\" class=\"wp-image-229\"\/><figcaption class=\"wp-element-caption\">FJA<\/figcaption><\/figure>\n<\/div>\n\n\n\n<div class=\"wp-block-column is-vertically-aligned-center is-layout-flow wp-block-column-is-layout-flow\">\n<figure class=\"wp-block-image aligncenter size-full\"><img loading=\"lazy\" decoding=\"async\" width=\"487\" height=\"103\" src=\"https:\/\/semeur.ghisette.com\/wp-content\/uploads\/2025\/08\/Cofabel.png\" alt=\"\" class=\"wp-image-234\" srcset=\"https:\/\/semeur.be\/wp-content\/uploads\/2025\/08\/Cofabel.png 487w, https:\/\/semeur.be\/wp-content\/uploads\/2025\/08\/Cofabel-300x63.png 300w\" sizes=\"auto, (max-width: 487px) 100vw, 487px\" \/><figcaption class=\"wp-element-caption\">Cofabel<\/figcaption><\/figure>\n<\/div>\n<\/div>\n\n\n\n<div class=\"wp-block-columns is-layout-flex wp-container-core-columns-is-layout-ac130fbe wp-block-columns-is-layout-flex\" style=\"margin-top:var(--wp--preset--spacing--small);margin-bottom:var(--wp--preset--spacing--small);padding-top:0;padding-bottom:0\">\n<div class=\"wp-block-column is-vertically-aligned-center is-layout-flow wp-block-column-is-layout-flow\">\n<figure class=\"wp-block-image aligncenter size-full is-resized\"><img loading=\"lazy\" decoding=\"async\" width=\"950\" height=\"800\" src=\"https:\/\/semeur.ghisette.com\/wp-content\/uploads\/2025\/08\/moton383.png\" alt=\"\" class=\"wp-image-230\" style=\"width:292px;height:auto\" srcset=\"https:\/\/semeur.be\/wp-content\/uploads\/2025\/08\/moton383.png 950w, https:\/\/semeur.be\/wp-content\/uploads\/2025\/08\/moton383-300x253.png 300w, https:\/\/semeur.be\/wp-content\/uploads\/2025\/08\/moton383-768x647.png 768w\" sizes=\"auto, (max-width: 950px) 100vw, 950px\" \/><figcaption class=\"wp-element-caption\">Fugea<\/figcaption><\/figure>\n<\/div>\n\n\n\n<div class=\"wp-block-column is-vertically-aligned-center is-layout-flow wp-block-column-is-layout-flow\">\n<figure class=\"wp-block-image aligncenter size-full\"><img loading=\"lazy\" decoding=\"async\" width=\"2480\" height=\"573\" src=\"https:\/\/semeur.ghisette.com\/wp-content\/uploads\/2025\/08\/logo_UCLouvain.png\" alt=\"\" class=\"wp-image-138\" srcset=\"https:\/\/semeur.be\/wp-content\/uploads\/2025\/08\/logo_UCLouvain.png 2480w, https:\/\/semeur.be\/wp-content\/uploads\/2025\/08\/logo_UCLouvain-300x69.png 300w, https:\/\/semeur.be\/wp-content\/uploads\/2025\/08\/logo_UCLouvain-1024x237.png 1024w, https:\/\/semeur.be\/wp-content\/uploads\/2025\/08\/logo_UCLouvain-768x177.png 768w, https:\/\/semeur.be\/wp-content\/uploads\/2025\/08\/logo_UCLouvain-1536x355.png 1536w, https:\/\/semeur.be\/wp-content\/uploads\/2025\/08\/logo_UCLouvain-2048x473.png 2048w\" sizes=\"auto, (max-width: 2480px) 100vw, 2480px\" \/><figcaption class=\"wp-element-caption\">UCLouvain<\/figcaption><\/figure>\n<\/div>\n\n\n\n<div class=\"wp-block-column is-vertically-aligned-center is-layout-flow wp-block-column-is-layout-flow\">\n<figure class=\"wp-block-image aligncenter size-full\"><img loading=\"lazy\" decoding=\"async\" width=\"500\" height=\"120\" src=\"https:\/\/semeur.ghisette.com\/wp-content\/uploads\/2025\/08\/Apaq-w.png\" alt=\"\" class=\"wp-image-235\" srcset=\"https:\/\/semeur.be\/wp-content\/uploads\/2025\/08\/Apaq-w.png 500w, https:\/\/semeur.be\/wp-content\/uploads\/2025\/08\/Apaq-w-300x72.png 300w\" sizes=\"auto, (max-width: 500px) 100vw, 500px\" \/><figcaption class=\"wp-element-caption\">Apaq-W<\/figcaption><\/figure>\n<\/div>\n<\/div>\n<\/div>\n","protected":false},"excerpt":{"rendered":"<p>La Journ\u00e9e du Monde Rural Au programme Durant la matin\u00e9e, nous commencons par proposer un petit d\u00e9jeuner du terroir \u00e0 nos premiers visiteurs. Ensuite, plus de 150 \u00e9coliers sont acceuillis. Ils visitent alors toutes les expositions, sur les 2 places, et participent aux diff\u00e9rentes animations. Celles-ci permettent \u00e0 l\u2019enfant, citadin tr\u00e8s souvent, d\u2019approcher la diversit\u00e9 [&hellip;]<\/p>\n","protected":false},"author":1,"featured_media":0,"parent":158,"menu_order":0,"comment_status":"closed","ping_status":"closed","template":"","meta":{"footnotes":""},"class_list":["post-160","page","type-page","status-publish","hentry"],"_links":{"self":[{"href":"https:\/\/semeur.be\/index.php?rest_route=\/wp\/v2\/pages\/160","targetHints":{"allow":["GET"]}}],"collection":[{"href":"https:\/\/semeur.be\/index.php?rest_route=\/wp\/v2\/pages"}],"about":[{"href":"https:\/\/semeur.be\/index.php?rest_route=\/wp\/v2\/types\/page"}],"author":[{"embeddable":true,"href":"https:\/\/semeur.be\/index.php?rest_route=\/wp\/v2\/users\/1"}],"replies":[{"embeddable":true,"href":"https:\/\/semeur.be\/index.php?rest_route=%2Fwp%2Fv2%2Fcomments&post=160"}],"version-history":[{"count":25,"href":"https:\/\/semeur.be\/index.php?rest_route=\/wp\/v2\/pages\/160\/revisions"}],"predecessor-version":[{"id":354,"href":"https:\/\/semeur.be\/index.php?rest_route=\/wp\/v2\/pages\/160\/revisions\/354"}],"up":[{"embeddable":true,"href":"https:\/\/semeur.be\/index.php?rest_route=\/wp\/v2\/pages\/158"}],"wp:attachment":[{"href":"https:\/\/semeur.be\/index.php?rest_route=%2Fwp%2Fv2%2Fmedia&parent=160"}],"curies":[{"name":"wp","href":"https:\/\/api.w.org\/{rel}","templated":true}]}}